{"id":1149,"date":"2022-03-22T21:01:48","date_gmt":"2022-03-22T21:01:48","guid":{"rendered":"https:\/\/greatwallsarajevo.com\/?page_id=1149"},"modified":"2022-03-22T21:37:53","modified_gmt":"2022-03-22T21:37:53","slug":"restoran","status":"publish","type":"page","link":"https:\/\/greatwallsarajevo.com\/bs\/restoran\/","title":{"rendered":"Hvala za narud\u017ebu!"},"content":{"rendered":"<div style=\"text-align: center;\">\n\n\t\t<div class=\"morrison-hotel-separator\"><\/div>\n\n\t\t\n<h4>Hvala Vam za narud\u017ebu, prijatno!<\/h4>\n<p>Sigurni smo da \u0107ete u\u017eivati u svakom zalogaju. Nakon \u0161to zavr\u0161ite, pozivamo Vas da nam ostavite recenziju na na\u0161em <a href=\"https:\/\/www.google.com\/maps\/place\/Kineski+Zid+restoran\/@43.8303888,18.3319762,15z\/data=!4m2!3m1!1s0x0:0x5a4e2454ac56f555?sa=X&amp;hl=en&amp;ved=2ahUKEwiLoe7M1tr2AhWPrYsKHX34AocQ_BJ6BAgcEAU\">Google profilu<\/a>. Ukoliko niste zadovoljni naru\u010denim, pozivamo Vas da nam pi\u0161ete poruku, rado \u010ditamo sve Va\u0161e poruke i nastojimo da odr\u017eimo kvalitet po kojem smo poznati godinama.<\/p>\n\n\t\t<div class=\"morrison-hotel-separator\"><\/div>\n\n\t\t\n<h2 style=\"color: #990000;\">PRATITE NAS<\/h2>\n<\/div>\n<div style=\"margin-bottom: 45px; text-align: center;\">Pratite nas na dru\u0161tvenim mre\u017eama i budite u toku sa svim novostima!<\/div>\n<h3 style=\"text-align: center;\"><a href=\"https:\/\/www.facebook.com\/hotelgreatwall.kineskizid\/\">FACEBOOK<\/a> &#8211; <a href=\"https:\/\/www.instagram.com\/restoran.kineskizid\/\">INSTAGRAM<\/a><\/h3>\n<div style=\"text-align: center;\">\n\t\t<div class=\"morrison-hotel-separator\"><\/div>\n\n\t\t\n<\/div>\n<div><\/div>\n<div style=\"text-align: center;\">\n\t\t<div class=\"map-canvas-wrapper\" data-hue=\"\" data-lat=\"43.83044476545686\" data-lng=\"18.331993708868662\" data-zoom=\"14\" data-marker=\"marker-yes\">\n\n\t\t\t<div class=\"map-canvas small\"><\/div>\n\n\t\t<\/div>\n\n\t\t\n<\/div>","protected":false},"excerpt":{"rendered":"<p>Hvala Vam za narud\u017ebu, prijatno! Sigurni smo da \u0107ete u\u017eivati u svakom zalogaju. Nakon \u0161to zavr\u0161ite, pozivamo Vas da nam ostavite recenziju na na\u0161em Google profilu. Ukoliko niste zadovoljni naru\u010denim, pozivamo Vas da nam pi\u0161ete poruku, rado \u010ditamo sve Va\u0161e poruke i nastojimo da odr\u017eimo kvalitet po kojem smo poznati godinama. PRATITE NAS Pratite nas [&hellip;]<\/p>","protected":false},"author":2,"featured_media":0,"parent":0,"menu_order":6,"comment_status":"closed","ping_status":"closed","template":"","meta":{"footnotes":""},"class_list":["post-1149","page","type-page","status-publish","hentry"],"_links":{"self":[{"href":"https:\/\/greatwallsarajevo.com\/bs\/wp-json\/wp\/v2\/pages\/1149","targetHints":{"allow":["GET"]}}],"collection":[{"href":"https:\/\/greatwallsarajevo.com\/bs\/wp-json\/wp\/v2\/pages"}],"about":[{"href":"https:\/\/greatwallsarajevo.com\/bs\/wp-json\/wp\/v2\/types\/page"}],"author":[{"embeddable":true,"href":"https:\/\/greatwallsarajevo.com\/bs\/wp-json\/wp\/v2\/users\/2"}],"replies":[{"embeddable":true,"href":"https:\/\/greatwallsarajevo.com\/bs\/wp-json\/wp\/v2\/comments?post=1149"}],"version-history":[{"count":0,"href":"https:\/\/greatwallsarajevo.com\/bs\/wp-json\/wp\/v2\/pages\/1149\/revisions"}],"wp:attachment":[{"href":"https:\/\/greatwallsarajevo.com\/bs\/wp-json\/wp\/v2\/media?parent=1149"}],"curies":[{"name":"wp","href":"https:\/\/api.w.org\/{rel}","templated":true}]}}