{"id":466,"date":"2018-05-15T13:05:50","date_gmt":"2018-05-15T13:05:50","guid":{"rendered":"http:\/\/greatwallsarajevo.com\/?page_id=466"},"modified":"2021-06-24T05:22:33","modified_gmt":"2021-06-24T05:22:33","slug":"restaurant","status":"publish","type":"page","link":"https:\/\/greatwallsarajevo.com\/bs\/restaurant\/","title":{"rendered":"Restoran"},"content":{"rendered":"<div class=\"lpb-clear-section\"><\/div><!-- .lpb-clear-section -->\n\n<div class=\"lpb-section parallax-no text-dark row-stretch-boxed columns-gap-default equal-height-no padding-top-yes padding-bottom-yes margin-bottom-yes has-bg\" style=\"background-color:#ddae68;\"  data-stretch=\"full\" data-x=\"50%\"><!-- .lpb-section -->\n\n<div class=\"lpb-page-row\"><!-- .lpb-page-row -->\n<div class=\"lpb-container\"><!-- .lpb-container -->\n<div class=\"lpb-row\"><!-- .lpb-row -->\n\n<div class=\"lpb-col-12 lpb-page-item has-bg\" ><!-- .lpb-page-item -->\n\n<div class=\"lpb-item-column\" >\n\t<div class=\"lpb-item-content\"><div style=\"text-align: center\">\n<h2 style=\"color:#990000\">RESTORAN<\/h2>\n<\/div>\n<\/div>\n<\/div>\n<\/div><!-- \/.lpb-page-item -->\n\n<\/div><!-- \/.lpb-row -->\n<\/div><!-- \/.lpb-container -->\n<\/div><!-- \/.lpb-page-row -->\n\n<div class=\"lpb-page-row\"><!-- .lpb-page-row -->\n<div class=\"lpb-container\"><!-- .lpb-container -->\n<div class=\"lpb-row\"><!-- .lpb-row -->\n\n<div class=\"lpb-col-12 lpb-page-item has-bg\" ><!-- .lpb-page-item -->\n\n<div class=\"lpb-item-column\" >\n\t<div class=\"lpb-item-content\"><div style=\"text-align: center;color:#990000\">\nU restoranu poslu\u017eujemo razne specijalitete sa azijskog kontinenta, prvenstveno iz Kine. Ove specijalitete priprema kineski profesionalni vrhunski kuhar sa svojim stru\u010dnim timom. Vje\u0161to pripremljena jela odlikuju se raznoliko\u0161\u0107u boja i okusa - od so\u010dnih do crvenkastih, slanih, kiselo-ljutih, blagih i slatkih. Mnogo povr\u0107a, manja koli\u010dina mesa, brza termi\u010dka obrada i ve\u0161tina kombinovanja obroka u\u010dini\u0107e ovu kuhinju omiljenom u celom svetu. Kapacitet restorana je oko 60 mesta. Ukoliko gosti vi\u0161e vole intimne trenutke mogu izabrati da ku\u0161aju ova jela u jednom od 3 separea. U caffe baru poslu\u017eujemo \u0161irok asortiman alkoholnih i bezalkoholnih pi\u0107a.<br \/>\n\u6211\u4eec\u9910\u5385\u63d0\u4f9b\u5404\u79cd\u7279\u8272\u4e9a\u6d32\u83dc\u80b4\uff0c\u4e3b\u8981\u662f\u4e2d\u9910\u3002 \u8fd9\u4e9b\u7279\u8272\u83dc\u80b4\u7531\u4e2d\u56fd\u4e13\u4e1a\u9876\u7ea7\u53a8\u5e08\u51c6\u5907\uff0c\u6df1\u53d7\u6765\u81ea\u4e16\u754c\u5404\u5730\u6e38\u5ba2\u7684\u559c\u7231\u3002 \u9910\u5385\u5206\u4e3a\u4e24\u5c42\uff0c\u5171\u67094\u4e2a\u5305\u53a2\u548c\u5404\u79cd\u4e2d\u5f0f\u5706\u684c\u4ee5\u53ca\u65b9\u684c\uff0c\u5171\u6709\u8fd1\u4e09\u767e\u4e2a\u5ea7\u4f4d\uff0c\u9002\u5408\u5404\u79cd\u7c7b\u578b\u7684\u9910\u996e\u63a5\u5f85\u3002\u6211\u4eec\u8fd8\u6709\u72ec\u7acb\u7684\u5496\u5561\u5427\uff0c\u63d0\u4f9b\u5404\u79cd\u996e\u54c1\u3001\u6c34\u679c\u76d8\u3001\u51b0\u6dc7\u6dcb\u3001\u9152\u7cbe\u996e\u54c1\uff0c\u4e3a\u60a8\u5e26\u6765\u9876\u7ea7\u7684\u5473\u89c9\u611f\u53d7\u3002\n<\/div>\n<\/div>\n<\/div>\n<\/div><!-- \/.lpb-page-item -->\n\n<\/div><!-- \/.lpb-row -->\n<\/div><!-- \/.lpb-container -->\n<\/div><!-- \/.lpb-page-row -->\n\n<\/div><!-- \/.lpb-section -->\n\n<div class=\"lpb-page-row\"><!-- .lpb-page-row -->\n<div class=\"lpb-container\"><!-- .lpb-container -->\n<div class=\"lpb-row\"><!-- .lpb-row -->\n\n<div class=\"lpb-col-12 lpb-page-item has-bg\" ><!-- .lpb-page-item -->\n\n\t\t<div class=\"morrison-hotel-gallery flexslider\" data-speed=\"4000\" style=\"max-width:\">\n\t\t\t<ul class=\"slides\">\n\t\t\t\t\n\t\t\t\t\t<li>\n\t\t\t\t\t\t<img width=\"1080\" height=\"1244\" src=\"https:\/\/greatwallsarajevo.com\/wp-content\/uploads\/2021\/06\/187787454_165308582266391_363861805812698624_n.jpg\" class=\"attachment-full size-full\" alt=\"\" \/>\t\t\t\t\t<\/li>\n\n\t\t\t\t\n\t\t\t\t\t<li>\n\t\t\t\t\t\t<img width=\"1080\" height=\"1140\" src=\"https:\/\/greatwallsarajevo.com\/wp-content\/uploads\/2021\/06\/164510928_132460655551184_8468483557436994886_n.jpg\" class=\"attachment-full size-full\" alt=\"\" \/>\t\t\t\t\t<\/li>\n\n\t\t\t\t\n\t\t\t\t\t<li>\n\t\t\t\t\t\t<img width=\"1080\" height=\"1080\" src=\"https:\/\/greatwallsarajevo.com\/wp-content\/uploads\/2021\/06\/154802857_762445631053628_243512772923141911_n.jpg\" class=\"attachment-full size-full\" alt=\"\" \/>\t\t\t\t\t<\/li>\n\n\t\t\t\t\n\t\t\t\t\t<li>\n\t\t\t\t\t\t<img width=\"1080\" height=\"1080\" src=\"https:\/\/greatwallsarajevo.com\/wp-content\/uploads\/2021\/06\/190942113_171622718301644_3478575261419494433_n.jpg\" class=\"attachment-full size-full\" alt=\"\" \/>\t\t\t\t\t<\/li>\n\n\t\t\t\t\t\t\t<\/ul>\n\t\t<\/div>\n\t<\/div><!-- \/.lpb-page-item -->\n<\/div><!-- \/.lpb-row -->\n<\/div><!-- \/.lpb-container -->\n<\/div><!-- \/.lpb-page-row -->","protected":false},"excerpt":{"rendered":"<p>U restoranu poslu\u017eujemo razne specijalitete sa azijskog kontinenta, prvenstveno iz Kine. Ove specijalitete priprema kineski profesionalni vrhunski kuhar sa svojim stru\u010dnim timom. Vje\u0161to pripremljena jela odlikuju se raznoliko\u0161\u0107u boja i okusa \u2013 od so\u010dnih do crvenkastih, slanih, kiselo-ljutih, blagih i slatkih. <\/p>","protected":false},"author":1,"featured_media":1129,"parent":0,"menu_order":4,"comment_status":"closed","ping_status":"closed","template":"","meta":{"footnotes":""},"class_list":["post-466","page","type-page","status-publish","has-post-thumbnail","hentry"],"_links":{"self":[{"href":"https:\/\/greatwallsarajevo.com\/bs\/wp-json\/wp\/v2\/pages\/466","targetHints":{"allow":["GET"]}}],"collection":[{"href":"https:\/\/greatwallsarajevo.com\/bs\/wp-json\/wp\/v2\/pages"}],"about":[{"href":"https:\/\/greatwallsarajevo.com\/bs\/wp-json\/wp\/v2\/types\/page"}],"author":[{"embeddable":true,"href":"https:\/\/greatwallsarajevo.com\/bs\/wp-json\/wp\/v2\/users\/1"}],"replies":[{"embeddable":true,"href":"https:\/\/greatwallsarajevo.com\/bs\/wp-json\/wp\/v2\/comments?post=466"}],"version-history":[{"count":0,"href":"https:\/\/greatwallsarajevo.com\/bs\/wp-json\/wp\/v2\/pages\/466\/revisions"}],"wp:featuredmedia":[{"embeddable":true,"href":"https:\/\/greatwallsarajevo.com\/bs\/wp-json\/wp\/v2\/media\/1129"}],"wp:attachment":[{"href":"https:\/\/greatwallsarajevo.com\/bs\/wp-json\/wp\/v2\/media?parent=466"}],"curies":[{"name":"wp","href":"https:\/\/api.w.org\/{rel}","templated":true}]}}