{"id":527,"date":"2018-05-15T17:30:53","date_gmt":"2018-05-15T17:30:53","guid":{"rendered":"http:\/\/greatwallsarajevo.com\/?page_id=527"},"modified":"2018-08-19T10:18:53","modified_gmt":"2018-08-19T10:18:53","slug":"accommodation","status":"publish","type":"page","link":"https:\/\/greatwallsarajevo.com\/bs\/accommodation\/","title":{"rendered":"Smje\u0161taj"},"content":{"rendered":"<div class=\"lpb-clear-section\"><\/div><!-- .lpb-clear-section -->\n\n<div class=\"lpb-section parallax-no text-dark row-stretch-boxed columns-gap-default equal-height-no padding-top-yes padding-bottom-yes margin-bottom-yes has-bg\" style=\"background-color:#ddae68;\"  data-stretch=\"full\" data-x=\"50%\"><!-- .lpb-section -->\n\n<div class=\"lpb-page-row\"><!-- .lpb-page-row -->\n<div class=\"lpb-container\"><!-- .lpb-container -->\n<div class=\"lpb-row\"><!-- .lpb-row -->\n\n<div class=\"lpb-col-12 lpb-page-item has-bg\" ><!-- .lpb-page-item -->\n\n<div class=\"lpb-item-column\" >\n\t<div class=\"lpb-item-content\"><div style=\"text-align: center\">\n<h2 style=\"color:#990000\">ACCOMMODATION<\/h2>\n<\/div>\n<\/div>\n<\/div>\n<\/div><!-- \/.lpb-page-item -->\n\n<\/div><!-- \/.lpb-row -->\n<\/div><!-- \/.lpb-container -->\n<\/div><!-- \/.lpb-page-row -->\n\n<div class=\"lpb-page-row\"><!-- .lpb-page-row -->\n<div class=\"lpb-container\"><!-- .lpb-container -->\n<div class=\"lpb-row\"><!-- .lpb-row -->\n\n<div class=\"lpb-col-12 lpb-page-item has-bg\" ><!-- .lpb-page-item -->\n\n<div class=\"lpb-item-column\" >\n\t<div class=\"lpb-item-content\"><div style=\"text-align: center;color:#990000\">\nHotel ima 4 apartmana i 18 soba. Sve sme\u0161tajne jedinice imaju klima ure\u0111aj, LCD TV sa satelitskim kanalima, mini-bar, sef, zasebno kupatilo sa tu\u0161em ili kadom i fenom za kosu. Apartmani su opremljeni pomo\u0107nim kuhinjama, trpezarijskim stolovima i stolicama. Ukupan kapacitet za smje\u0161taj gostiju je 51 osoba u svim sobama. Postoji mogu\u0107nost dodavanja 2 pomo\u0107na le\u017eaja i tada je ukupan broj gostiju 53.<br \/>\n\u9152\u5e97\u62e5\u67094\u95f4\u516c\u5bd3\u5957\u623f\u548c18\u95f4\u5ba2\u623f\u3002 \u6240\u6709\u4f4f\u5bbf\u90fd\u8bbe\u6709\u7a7a\u8c03\uff0c\u5e26\u536b\u661f\u9891\u9053\u7684\u6db2\u6676\u7535\u89c6\uff0c\u8ff7\u4f60\u5427\uff0c\u4fdd\u9669\u7bb1\uff0c\u70ed\u6c34\u58f6\uff0c\u7535\u63d2\u677f\u4ee5\u53ca\u5e26\u6dcb\u6d74\u6216\u6d74\u7f38\u548c\u5439\u98ce\u673a\u7684\u72ec\u7acb\u6d74\u5ba4\u3002 \u516c\u5bd3\u5957\u623f\u8fd8\u914d\u5907\u4e86\u8f85\u52a9\u53a8\u623f\uff0c\u9910\u684c\u548c\u6905\u5b50\u3002 \u6240\u6709\u5ba2\u623f\u7684\u603b\u5bb9\u91cf\u4e3a51\u4eba\u3002 \u9152\u5e97\u7684\u670d\u52a1\u4eba\u5458\u4f1a\u5305\u62ec\u4e2d\u6587\u3001\u82f1\u6587\u3001\u5fb7\u6587\u3001\u610f\u5927\u5229\u6587\u3001\u897f\u73ed\u7259\u6587\u5728\u5185\u7684\u591a\u79cd\u8bed\u8a00\uff0c\u4e3a\u4e0d\u540c\u7c7b\u578b\u7684\u5ba2\u6237\u63d0\u4f9b\u9876\u7ea7\u7684\u670d\u52a1\u3002\n<\/div>\n<\/div>\n<\/div>\n<\/div><!-- \/.lpb-page-item -->\n\n<\/div><!-- \/.lpb-row -->\n<\/div><!-- \/.lpb-container -->\n<\/div><!-- \/.lpb-page-row -->\n\n<\/div><!-- \/.lpb-section -->\n\n<div class=\"lpb-page-row\"><!-- .lpb-page-row -->\n<div class=\"lpb-container\"><!-- .lpb-container -->\n<div class=\"lpb-row\"><!-- .lpb-row -->\n\n<div class=\"lpb-col-12 lpb-page-item has-bg\" ><!-- .lpb-page-item -->\n\n\t\t<div class=\"morrison-hotel-gallery flexslider\" data-speed=\"4000\" style=\"max-width:\">\n\t\t\t<ul class=\"slides\">\n\t\t\t\t\n\t\t\t\t\t<li>\n\t\t\t\t\t\t<img width=\"6720\" height=\"4480\" src=\"https:\/\/greatwallsarajevo.com\/wp-content\/uploads\/2018\/08\/5454.jpg\" class=\"attachment-full size-full\" alt=\"\" \/>\t\t\t\t\t<\/li>\n\n\t\t\t\t\n\t\t\t\t\t<li>\n\t\t\t\t\t\t<img width=\"6612\" height=\"3478\" src=\"https:\/\/greatwallsarajevo.com\/wp-content\/uploads\/2018\/08\/B73A9424.jpg\" class=\"attachment-full size-full\" alt=\"\" \/>\t\t\t\t\t<\/li>\n\n\t\t\t\t\n\t\t\t\t\t<li>\n\t\t\t\t\t\t<img width=\"6659\" height=\"3959\" src=\"https:\/\/greatwallsarajevo.com\/wp-content\/uploads\/2018\/08\/B73A9426.jpg\" class=\"attachment-full size-full\" alt=\"\" \/>\t\t\t\t\t<\/li>\n\n\t\t\t\t\n\t\t\t\t\t<li>\n\t\t\t\t\t\t<img width=\"6457\" height=\"3856\" src=\"https:\/\/greatwallsarajevo.com\/wp-content\/uploads\/2018\/08\/B73A9404.jpg\" class=\"attachment-full size-full\" alt=\"\" \/>\t\t\t\t\t<\/li>\n\n\t\t\t\t\n\t\t\t\t\t<li>\n\t\t\t\t\t\t<img width=\"6720\" height=\"4480\" src=\"https:\/\/greatwallsarajevo.com\/wp-content\/uploads\/2018\/08\/B73A9413.jpg\" class=\"attachment-full size-full\" alt=\"\" \/>\t\t\t\t\t<\/li>\n\n\t\t\t\t\n\t\t\t\t\t<li>\n\t\t\t\t\t\t<img width=\"4128\" height=\"3096\" src=\"https:\/\/greatwallsarajevo.com\/wp-content\/uploads\/2018\/06\/20180619_125900.jpg\" class=\"attachment-full size-full\" alt=\"\" \/>\t\t\t\t\t<\/li>\n\n\t\t\t\t\n\t\t\t\t\t<li>\n\t\t\t\t\t\t<img width=\"6246\" height=\"4169\" src=\"https:\/\/greatwallsarajevo.com\/wp-content\/uploads\/2018\/08\/kjlkj.jpg\" class=\"attachment-full size-full\" alt=\"\" \/>\t\t\t\t\t<\/li>\n\n\t\t\t\t\n\t\t\t\t\t<li>\n\t\t\t\t\t\t<img width=\"4128\" height=\"3096\" src=\"https:\/\/greatwallsarajevo.com\/wp-content\/uploads\/2018\/06\/20180619_125928.jpg\" class=\"attachment-full size-full\" alt=\"\" \/>\t\t\t\t\t<\/li>\n\n\t\t\t\t\n\t\t\t\t\t<li>\n\t\t\t\t\t\t<img width=\"4128\" height=\"3096\" src=\"https:\/\/greatwallsarajevo.com\/wp-content\/uploads\/2018\/06\/20180521_075344.jpg\" class=\"attachment-full size-full\" alt=\"\" \/>\t\t\t\t\t<\/li>\n\n\t\t\t\t\n\t\t\t\t\t<li>\n\t\t\t\t\t\t<img width=\"6720\" height=\"4480\" src=\"https:\/\/greatwallsarajevo.com\/wp-content\/uploads\/2018\/08\/B73A9401.jpg\" class=\"attachment-full size-full\" alt=\"\" \/>\t\t\t\t\t<\/li>\n\n\t\t\t\t\n\t\t\t\t\t<li>\n\t\t\t\t\t\t<img width=\"6097\" height=\"4479\" src=\"https:\/\/greatwallsarajevo.com\/wp-content\/uploads\/2018\/08\/B73A9430.jpg\" class=\"attachment-full size-full\" alt=\"\" \/>\t\t\t\t\t<\/li>\n\n\t\t\t\t\t\t\t<\/ul>\n\t\t<\/div>\n\t<\/div><!-- \/.lpb-page-item -->\n<\/div><!-- \/.lpb-row -->\n<\/div><!-- \/.lpb-container -->\n<\/div><!-- \/.lpb-page-row -->","protected":false},"excerpt":{"rendered":"<p>Hotel ima 4 apartmana i 18 soba. Sve sme\u0161tajne jedinice imaju klima ure\u0111aj, LCD TV sa satelitskim kanalima, mini-bar, sef, zasebno kupatilo sa tu\u0161em ili kadom i fenom za kosu. Apartmani su opremljeni pomo\u0107nim kuhinjama, trpezarijskim stolovima i stolicama. <\/p>","protected":false},"author":1,"featured_media":964,"parent":0,"menu_order":2,"comment_status":"closed","ping_status":"closed","template":"","meta":{"footnotes":""},"class_list":["post-527","page","type-page","status-publish","has-post-thumbnail","hentry"],"_links":{"self":[{"href":"https:\/\/greatwallsarajevo.com\/bs\/wp-json\/wp\/v2\/pages\/527","targetHints":{"allow":["GET"]}}],"collection":[{"href":"https:\/\/greatwallsarajevo.com\/bs\/wp-json\/wp\/v2\/pages"}],"about":[{"href":"https:\/\/greatwallsarajevo.com\/bs\/wp-json\/wp\/v2\/types\/page"}],"author":[{"embeddable":true,"href":"https:\/\/greatwallsarajevo.com\/bs\/wp-json\/wp\/v2\/users\/1"}],"replies":[{"embeddable":true,"href":"https:\/\/greatwallsarajevo.com\/bs\/wp-json\/wp\/v2\/comments?post=527"}],"version-history":[{"count":0,"href":"https:\/\/greatwallsarajevo.com\/bs\/wp-json\/wp\/v2\/pages\/527\/revisions"}],"wp:featuredmedia":[{"embeddable":true,"href":"https:\/\/greatwallsarajevo.com\/bs\/wp-json\/wp\/v2\/media\/964"}],"wp:attachment":[{"href":"https:\/\/greatwallsarajevo.com\/bs\/wp-json\/wp\/v2\/media?parent=527"}],"curies":[{"name":"wp","href":"https:\/\/api.w.org\/{rel}","templated":true}]}}